{"id":300,"date":"2017-09-24T14:09:37","date_gmt":"2017-09-24T13:09:37","guid":{"rendered":"https:\/\/homeplan.pt\/about-us\/"},"modified":"2025-05-06T09:37:18","modified_gmt":"2025-05-06T08:37:18","slug":"sobre-nos","status":"publish","type":"page","link":"https:\/\/homeplan.pt\/pt-pt\/sobre-nos\/","title":{"rendered":"Sobre N\u00f3s"},"content":{"rendered":"<p>[et_pb_section fb_built=&#8221;1&#8243; _builder_version=&#8221;4.16&#8243; background_image=&#8221;https:\/\/homeplan.pt\/wp-content\/uploads\/2017\/09\/aboutus.jpg&#8221; background_position=&#8221;bottom_center&#8221; custom_padding=&#8221;100px||300px|&#8221; animation_style=&#8221;slide&#8221; global_colors_info=&#8221;{}&#8221;][et_pb_row _builder_version=&#8221;4.16&#8243; background_size=&#8221;initial&#8221; background_position=&#8221;top_left&#8221; background_repeat=&#8221;repeat&#8221; global_colors_info=&#8221;{}&#8221;][et_pb_column type=&#8221;4_4&#8243; _builder_version=&#8221;4.16&#8243; custom_padding=&#8221;|||&#8221; global_colors_info=&#8221;{}&#8221; custom_padding__hover=&#8221;|||&#8221;][et_pb_text admin_label=&#8221;Titulo&#8221; _builder_version=&#8221;4.16&#8243; text_font=&#8221;Lato Light|on|||&#8221; text_text_color=&#8221;#ffffff&#8221; text_font_size=&#8221;40&#8243; text_line_height=&#8221;1.8em&#8221; header_line_height=&#8221;1.3em&#8221; background_size=&#8221;initial&#8221; background_position=&#8221;top_left&#8221; background_repeat=&#8221;repeat&#8221; text_orientation=&#8221;center&#8221; module_alignment=&#8221;center&#8221; border_style=&#8221;solid&#8221; global_colors_info=&#8221;{}&#8221;]<\/p>\n<p><span>Sobre n\u00f3s<\/span><\/p>\n<p>[\/et_pb_text][\/et_pb_column][\/et_pb_row][\/et_pb_section][et_pb_section fb_built=&#8221;1&#8243; custom_padding_last_edited=&#8221;on|phone&#8221; _builder_version=&#8221;4.16&#8243; background_color=&#8221;#edf1f2&#8243; custom_margin=&#8221;20px|||&#8221; custom_padding=&#8221;20px||20px|&#8221; custom_padding_tablet=&#8221;50px|0|50px|0&#8243; custom_padding_phone=&#8221;20px|0px|10px|0px&#8221; transparent_background=&#8221;off&#8221; global_colors_info=&#8221;{}&#8221;][et_pb_row column_structure=&#8221;1_2,1_2&#8243; use_custom_gutter=&#8221;on&#8221; gutter_width=&#8221;1&#8243; padding_mobile=&#8221;off&#8221; make_equal=&#8221;on&#8221; disabled_on=&#8221;|off|&#8221; _builder_version=&#8221;4.16&#8243; background_size=&#8221;initial&#8221; background_position=&#8221;top_left&#8221; background_repeat=&#8221;repeat&#8221; custom_margin=&#8221;0px||0px|&#8221; custom_padding=&#8221;0px||0px|&#8221; animation_style=&#8221;slide&#8221; animation_direction=&#8221;right&#8221; global_colors_info=&#8221;{}&#8221;][et_pb_column type=&#8221;1_2&#8243; _builder_version=&#8221;4.16&#8243; background_image=&#8221;https:\/\/homeplan.pt\/wp-content\/uploads\/2017\/09\/about.png&#8221; custom_padding=&#8221;|||&#8221; global_colors_info=&#8221;{}&#8221; custom_padding__hover=&#8221;|||&#8221;][et_pb_divider show_divider=&#8221;off&#8221; disabled_on=&#8221;off&#8221; _builder_version=&#8221;4.16&#8243; height=&#8221;240px&#8221; hide_on_mobile=&#8221;off&#8221; global_colors_info=&#8221;{}&#8221;][\/et_pb_divider][\/et_pb_column][et_pb_column type=&#8221;1_2&#8243; _builder_version=&#8221;4.16&#8243; background_color=&#8221;#ffffff&#8221; custom_padding=&#8221;100px|20px|100px|50px&#8221; global_colors_info=&#8221;{}&#8221; custom_padding__hover=&#8221;|||&#8221;][et_pb_text admin_label=&#8221;Titulo&#8221; _builder_version=&#8221;4.16&#8243; text_font=&#8221;Lato Light||||&#8221; text_text_color=&#8221;#7a7a7a&#8221; text_font_size=&#8221;20&#8243; background_size=&#8221;initial&#8221; background_position=&#8221;top_left&#8221; background_repeat=&#8221;repeat&#8221; module_alignment=&#8221;left&#8221; custom_margin=&#8221;||0px|&#8221; custom_padding=&#8221;||0px|&#8221; text_font_size_tablet=&#8221;22&#8243; text_font_size_phone=&#8221;&#8221; text_font_size_last_edited=&#8221;on|desktop&#8221; border_style=&#8221;solid&#8221; global_colors_info=&#8221;{}&#8221;]<\/p>\n<div class=\"et_pb_module et_pb_text et_pb_text_1  et_pb_text_align_left et_pb_bg_layout_light\">\n<div class=\"et_pb_text_inner\">\n<p>Sobre n\u00f3s<\/p>\n<\/div>\n<\/div>\n<div class=\"et_pb_module et_pb_text et_pb_text_2  et_pb_text_align_left et_pb_bg_layout_light\">\n<div class=\"et_pb_text_inner\"><\/div>\n<\/div>\n<p>[\/et_pb_text][et_pb_text admin_label=&#8221;Sub-Titulo&#8221; _builder_version=&#8221;4.16&#8243; text_font=&#8221;Lato Light|on|||&#8221; text_text_color=&#8221;#e5a161&#8243; text_font_size=&#8221;24&#8243; background_size=&#8221;initial&#8221; background_position=&#8221;top_left&#8221; background_repeat=&#8221;repeat&#8221; module_alignment=&#8221;left&#8221; custom_margin=&#8221;||20px|&#8221; text_font_size_tablet=&#8221;22&#8243; text_font_size_phone=&#8221;&#8221; text_font_size_last_edited=&#8221;on|desktop&#8221; border_style=&#8221;solid&#8221; global_colors_info=&#8221;{}&#8221;]<\/p>\n<p><span>Quem somos e como trabalhamos<\/span><\/p>\n<p>[\/et_pb_text][et_pb_text admin_label=&#8221;Texto&#8221; _builder_version=&#8221;4.16&#8243; text_font=&#8221;Raleway Light||||&#8221; text_text_color=&#8221;#555555&#8243; text_font_size=&#8221;15&#8243; text_line_height=&#8221;1.8em&#8221; background_size=&#8221;initial&#8221; background_position=&#8221;top_left&#8221; background_repeat=&#8221;repeat&#8221; module_alignment=&#8221;left&#8221; custom_margin=&#8221;||20px|&#8221; custom_padding=&#8221;|50px||&#8221; border_style=&#8221;solid&#8221; global_colors_info=&#8221;{}&#8221;]<\/p>\n<p>Somos uma empresa especializada na\u00a0 gest\u00e3o de servi\u00e7os para a casa e\u00a0 servi\u00e7os de lifestyle.<\/p>\n<p>Fornecemos aos nossos clientes solu\u00e7\u00f5es personalizadas adaptadas \u00e0s suas necessidades e caracter\u00edsticas \u00fanicas.<\/p>\n<p>Temos uma rede qualificada e profissional de fornecedores.<\/p>\n<p>Oferecemos servi\u00e7os verdadeiramente personalizados para facilitar a sua vida.<\/p>\n<p>[\/et_pb_text][\/et_pb_column][\/et_pb_row][\/et_pb_section][et_pb_section fb_built=&#8221;1&#8243; _builder_version=&#8221;4.16&#8243; background_image=&#8221;https:\/\/homeplan.pt\/wp-content\/uploads\/2017\/09\/bg_contact.jpg&#8221; parallax=&#8221;on&#8221; saved_tabs=&#8221;all&#8221; global_colors_info=&#8221;{}&#8221; locked=&#8221;off&#8221;][et_pb_row _builder_version=&#8221;4.16&#8243; background_size=&#8221;initial&#8221; background_position=&#8221;top_left&#8221; background_repeat=&#8221;repeat&#8221; global_colors_info=&#8221;{}&#8221;][et_pb_column type=&#8221;4_4&#8243; _builder_version=&#8221;4.16&#8243; custom_padding=&#8221;|||&#8221; global_colors_info=&#8221;{}&#8221; custom_padding__hover=&#8221;|||&#8221;][et_pb_text admin_label=&#8221;Titulo&#8221; _builder_version=&#8221;4.16&#8243; text_font=&#8221;Lato||||&#8221; text_text_color=&#8221;#ffffff&#8221; text_font_size=&#8221;38&#8243; text_line_height=&#8221;1.8em&#8221; header_line_height=&#8221;1.3em&#8221; background_size=&#8221;initial&#8221; background_position=&#8221;top_left&#8221; background_repeat=&#8221;repeat&#8221; text_orientation=&#8221;center&#8221; module_alignment=&#8221;center&#8221; border_style=&#8221;solid&#8221; global_colors_info=&#8221;{}&#8221;]<\/p>\n<div class=\"et_pb_text et_pb_module et_pb_bg_layout_light et_pb_text_align_center et_pb_text_9\">\n<div class=\"et_pb_text_inner\">\n<p><span>Contactos<\/span><\/p>\n<\/div>\n<\/div>\n<p>[\/et_pb_text][et_pb_text module_class=&#8221;prefooter&#8221; _builder_version=&#8221;4.27.4&#8243; _module_preset=&#8221;default&#8221; global_colors_info=&#8221;{}&#8221;]<\/p>\n\n<div class=\"wpcf7 no-js\" id=\"wpcf7-f904-o1\" lang=\"pt-PT\" dir=\"ltr\" data-wpcf7-id=\"904\">\n<div class=\"screen-reader-response\"><p role=\"status\" aria-live=\"polite\" aria-atomic=\"true\"><\/p> <ul><\/ul><\/div>\n<form action=\"\/pt-pt\/wp-json\/wp\/v2\/pages\/300#wpcf7-f904-o1\" method=\"post\" class=\"wpcf7-form init\" aria-label=\"Formul\u00e1rio de contacto\" novalidate=\"novalidate\" data-status=\"init\">\n<div style=\"display: none;\">\n<input type=\"hidden\" name=\"_wpcf7\" value=\"904\" \/>\n<input type=\"hidden\" name=\"_wpcf7_version\" value=\"6.0.6\" \/>\n<input type=\"hidden\" name=\"_wpcf7_locale\" value=\"pt_PT\" \/>\n<input type=\"hidden\" name=\"_wpcf7_unit_tag\" value=\"wpcf7-f904-o1\" \/>\n<input type=\"hidden\" name=\"_wpcf7_container_post\" value=\"0\" \/>\n<input type=\"hidden\" name=\"_wpcf7_posted_data_hash\" value=\"\" \/>\n<input type=\"hidden\" name=\"_wpcf7_recaptcha_response\" value=\"\" \/>\n<\/div>\n<p><span class=\"wpcf7-form-control-wrap\" data-name=\"text-36\"><input size=\"40\" maxlength=\"400\" class=\"wpcf7-form-control wpcf7-text\" aria-invalid=\"false\" placeholder=\"Nome\" value=\"\" type=\"text\" name=\"text-36\" \/><\/span><span class=\"wpcf7-form-control-wrap\" data-name=\"text-577\"><input size=\"40\" maxlength=\"400\" class=\"wpcf7-form-control wpcf7-text\" aria-invalid=\"false\" placeholder=\"Email\" value=\"\" type=\"text\" name=\"text-577\" \/><\/span><span class=\"wpcf7-form-control-wrap\" data-name=\"text-17\"><input size=\"40\" maxlength=\"400\" class=\"wpcf7-form-control wpcf7-text\" aria-invalid=\"false\" placeholder=\"Telefone\" value=\"\" type=\"text\" name=\"text-17\" \/><\/span>\n<\/p>\n<p><span class=\"wpcf7-form-control-wrap\" data-name=\"acceptance-515\"><span class=\"wpcf7-form-control wpcf7-acceptance\"><span class=\"wpcf7-list-item\"><label><input type=\"checkbox\" name=\"acceptance-515\" value=\"1\" aria-invalid=\"false\" \/><span class=\"wpcf7-list-item-label\">I read and accept the <a href=\"\/privacy-policy\/\" target=\"_blank\">Privacy Policy<\/a><\/span><\/label><\/span><\/span><\/span>\n<\/p>\n<p><input class=\"wpcf7-form-control wpcf7-submit has-spinner\" type=\"submit\" value=\"Enviar\" \/>\n<\/p><div class=\"wpcf7-response-output\" aria-hidden=\"true\"><\/div>\n<\/form>\n<\/div>\n\n<p>[\/et_pb_text][\/et_pb_column][\/et_pb_row][\/et_pb_section]<\/p>\n","protected":false},"excerpt":{"rendered":"<p>Sobre n\u00f3s Sobre n\u00f3s Quem somos e como trabalhamos Somos uma empresa especializada na\u00a0 gest\u00e3o de servi\u00e7os para a casa e\u00a0 servi\u00e7os de lifestyle. Fornecemos aos nossos clientes solu\u00e7\u00f5es personalizadas adaptadas \u00e0s suas necessidades e caracter\u00edsticas \u00fanicas. Temos uma rede qualificada e profissional de fornecedores. Oferecemos servi\u00e7os verdadeiramente personalizados para facilitar a sua vida. Contactos [&hellip;]<\/p>\n","protected":false},"author":1,"featured_media":0,"parent":0,"menu_order":16,"comment_status":"closed","ping_status":"open","template":"","meta":{"_et_pb_use_builder":"on","_et_pb_old_content":"<p>Isto \u00e9 um exemplo de p\u00e1gina. \u00c9 diferente de um artigo porque fica no mesmo s\u00edtio e aparece na navega\u00e7\u00e3o do seu site (na maior parte dos temas). O normal \u00e9 come\u00e7ar com uma p\u00e1gina \"Sobre mim\"\/\"Sobre n\u00f3s\", que apresenta o site aos visitantes. Pode ser qualquer coisa deste tipo:<\/p><blockquote><p>Ol\u00e1! Fa\u00e7o entregas durante o dia, mas estudo para ser actor \u00e0 noite. Este \u00e9 o meu site. Vivo em Lisboa, tenho um c\u00e3o chamado Belarmino e gosto de caipirinhas (e de ver a relva a crescer).<\/p><\/blockquote><p>...ou deste:<\/p><blockquote><p>A Gambozinos XPTO foi fundada em 1971 e tem, desde ent\u00e3o, fornecido gambuzinos da mais alta qualidade aos seus clientes. Localizada em Gotham, a Gambozinos XPTO emprega mais de 2,000 colaboradores e \u00e9 um dos pilares da comunidade de Gotham.<\/p><\/blockquote><p>Visite <a href=\"https:\/\/homeplan.pt\/wp-admin\/\">o seu painel<\/a> para apagar esta p\u00e1gina ou para criar mais p\u00e1ginas para o seu conte\u00fado. Divirta-se!<\/p>","_et_gb_content_width":"","footnotes":""},"class_list":["post-300","page","type-page","status-publish","hentry"],"_links":{"self":[{"href":"https:\/\/homeplan.pt\/pt-pt\/wp-json\/wp\/v2\/pages\/300","targetHints":{"allow":["GET"]}}],"collection":[{"href":"https:\/\/homeplan.pt\/pt-pt\/wp-json\/wp\/v2\/pages"}],"about":[{"href":"https:\/\/homeplan.pt\/pt-pt\/wp-json\/wp\/v2\/types\/page"}],"author":[{"embeddable":true,"href":"https:\/\/homeplan.pt\/pt-pt\/wp-json\/wp\/v2\/users\/1"}],"replies":[{"embeddable":true,"href":"https:\/\/homeplan.pt\/pt-pt\/wp-json\/wp\/v2\/comments?post=300"}],"version-history":[{"count":21,"href":"https:\/\/homeplan.pt\/pt-pt\/wp-json\/wp\/v2\/pages\/300\/revisions"}],"predecessor-version":[{"id":928,"href":"https:\/\/homeplan.pt\/pt-pt\/wp-json\/wp\/v2\/pages\/300\/revisions\/928"}],"wp:attachment":[{"href":"https:\/\/homeplan.pt\/pt-pt\/wp-json\/wp\/v2\/media?parent=300"}],"curies":[{"name":"wp","href":"https:\/\/api.w.org\/{rel}","templated":true}]}}