{"id":301,"date":"2017-09-24T14:22:15","date_gmt":"2017-09-24T13:22:15","guid":{"rendered":"https:\/\/homeplan.pt\/contact-us\/"},"modified":"2025-05-05T14:39:00","modified_gmt":"2025-05-05T13:39:00","slug":"contact-us","status":"publish","type":"page","link":"https:\/\/homeplan.pt\/pt-pt\/contact-us\/","title":{"rendered":"Contactos"},"content":{"rendered":"<p>[et_pb_section fb_built=&#8221;1&#8243; _builder_version=&#8221;4.16&#8243; background_image=&#8221;https:\/\/homeplan.pt\/wp-content\/uploads\/2017\/09\/about_contactos.jpg&#8221; background_position=&#8221;bottom_center&#8221; custom_padding=&#8221;100px||300px|&#8221; animation_style=&#8221;slide&#8221; global_colors_info=&#8221;{}&#8221;][et_pb_row _builder_version=&#8221;4.16&#8243; background_size=&#8221;initial&#8221; background_position=&#8221;top_left&#8221; background_repeat=&#8221;repeat&#8221; global_colors_info=&#8221;{}&#8221;][et_pb_column type=&#8221;4_4&#8243; _builder_version=&#8221;4.16&#8243; custom_padding=&#8221;|||&#8221; global_colors_info=&#8221;{}&#8221; custom_padding__hover=&#8221;|||&#8221;][et_pb_text admin_label=&#8221;Titulo&#8221; _builder_version=&#8221;4.16&#8243; text_font=&#8221;Lato Light|on|||&#8221; text_text_color=&#8221;#ffffff&#8221; text_font_size=&#8221;40&#8243; text_line_height=&#8221;1.8em&#8221; header_line_height=&#8221;1.3em&#8221; background_size=&#8221;initial&#8221; background_position=&#8221;top_left&#8221; background_repeat=&#8221;repeat&#8221; text_orientation=&#8221;center&#8221; module_alignment=&#8221;center&#8221; border_style=&#8221;solid&#8221; global_colors_info=&#8221;{}&#8221;]Contactos<br \/>\n[\/et_pb_text][\/et_pb_column][\/et_pb_row][\/et_pb_section][et_pb_section fb_built=&#8221;1&#8243; custom_padding_last_edited=&#8221;on|desktop&#8221; admin_label=&#8221;Se\u00e7\u00e3o&#8221; _builder_version=&#8221;4.27.4&#8243; custom_padding=&#8221;20px||20px|&#8221; custom_padding_tablet=&#8221;50px|0|50px|0&#8243; custom_padding_phone=&#8221;&#8221; hover_enabled=&#8221;0&#8243; transparent_background=&#8221;off&#8221; global_colors_info=&#8221;{}&#8221; background_enable_color=&#8221;off&#8221; sticky_enabled=&#8221;0&#8243;][et_pb_row column_structure=&#8221;2_3,1_3&#8243; padding_mobile=&#8221;off&#8221; column_padding_mobile=&#8221;on&#8221; admin_label=&#8221;Linha&#8221; _builder_version=&#8221;4.16&#8243; background_size=&#8221;initial&#8221; background_position=&#8221;top_left&#8221; background_repeat=&#8221;repeat&#8221; make_fullwidth=&#8221;off&#8221; use_custom_width=&#8221;off&#8221; width_unit=&#8221;on&#8221; global_colors_info=&#8221;{}&#8221;][et_pb_column type=&#8221;2_3&#8243; _builder_version=&#8221;4.16&#8243; custom_padding=&#8221;|||&#8221; global_colors_info=&#8221;{}&#8221; custom_padding__hover=&#8221;|||&#8221;][et_pb_text admin_label=&#8221;Titulo&#8221; _builder_version=&#8221;4.16&#8243; text_font=&#8221;Lato Light|on|||&#8221; text_text_color=&#8221;#474444&#8243; text_font_size=&#8221;26&#8243; text_line_height=&#8221;1.8em&#8221; header_line_height=&#8221;1.3em&#8221; background_size=&#8221;initial&#8221; background_position=&#8221;top_left&#8221; background_repeat=&#8221;repeat&#8221; module_alignment=&#8221;center&#8221; custom_margin=&#8221;||20px|&#8221; border_style=&#8221;solid&#8221; global_colors_info=&#8221;{}&#8221;]Contactos<br \/>\n[\/et_pb_text][et_pb_text _builder_version=&#8221;4.16&#8243; border_style=&#8221;solid&#8221; global_colors_info=&#8221;{}&#8221;]Estamos dispon\u00edveis 24\/7 e sempre contact\u00e1veis por email ou por telefone.<br \/>\n[\/et_pb_text][et_pb_text _builder_version=&#8221;4.27.4&#8243; _module_preset=&#8221;default&#8221; hover_enabled=&#8221;0&#8243; sticky_enabled=&#8221;0&#8243;]\n<div class=\"wpcf7 no-js\" id=\"wpcf7-f894-o1\" lang=\"pt-PT\" dir=\"ltr\" data-wpcf7-id=\"894\">\n<div class=\"screen-reader-response\"><p role=\"status\" aria-live=\"polite\" aria-atomic=\"true\"><\/p> <ul><\/ul><\/div>\n<form action=\"\/pt-pt\/wp-json\/wp\/v2\/pages\/301#wpcf7-f894-o1\" method=\"post\" class=\"wpcf7-form init\" aria-label=\"Formul\u00e1rio de contacto\" novalidate=\"novalidate\" data-status=\"init\">\n<div style=\"display: none;\">\n<input type=\"hidden\" name=\"_wpcf7\" value=\"894\" \/>\n<input type=\"hidden\" name=\"_wpcf7_version\" value=\"6.0.6\" \/>\n<input type=\"hidden\" name=\"_wpcf7_locale\" value=\"pt_PT\" \/>\n<input type=\"hidden\" name=\"_wpcf7_unit_tag\" value=\"wpcf7-f894-o1\" \/>\n<input type=\"hidden\" name=\"_wpcf7_container_post\" value=\"0\" \/>\n<input type=\"hidden\" name=\"_wpcf7_posted_data_hash\" value=\"\" \/>\n<input type=\"hidden\" name=\"_wpcf7_recaptcha_response\" value=\"\" \/>\n<\/div>\n<p><label> Nome*<br \/>\n<span class=\"wpcf7-form-control-wrap\" data-name=\"your-name\"><input size=\"40\" maxlength=\"400\" class=\"wpcf7-form-control wpcf7-text wpcf7-validates-as-required\" aria-required=\"true\" aria-invalid=\"false\" value=\"\" type=\"text\" name=\"your-name\" \/><\/span> <\/label>\n<\/p>\n<p><label> E-mail*<br \/>\n<span class=\"wpcf7-form-control-wrap\" data-name=\"your-email\"><input size=\"40\" maxlength=\"400\" class=\"wpcf7-form-control wpcf7-email wpcf7-validates-as-required wpcf7-text wpcf7-validates-as-email\" aria-required=\"true\" aria-invalid=\"false\" value=\"\" type=\"email\" name=\"your-email\" \/><\/span> <\/label>\n<\/p>\n<p><label> Telefone*<br \/>\n<span class=\"wpcf7-form-control-wrap\" data-name=\"telefone\"><input size=\"40\" maxlength=\"400\" class=\"wpcf7-form-control wpcf7-tel wpcf7-validates-as-required wpcf7-text wpcf7-validates-as-tel\" aria-required=\"true\" aria-invalid=\"false\" value=\"\" type=\"tel\" name=\"telefone\" \/><\/span> <\/label>\n<\/p>\n<p>Tipo de Servi\u00e7o*\n<\/p>\n<p><span class=\"wpcf7-form-control-wrap\" data-name=\"checkbox-123\"><span class=\"wpcf7-form-control wpcf7-checkbox wpcf7-validates-as-required\"><span class=\"wpcf7-list-item first\"><label><input type=\"checkbox\" name=\"checkbox-123[]\" value=\"Procura de Casa\" \/><span class=\"wpcf7-list-item-label\">Procura de Casa<\/span><\/label><\/span><span class=\"wpcf7-list-item\"><label><input type=\"checkbox\" name=\"checkbox-123[]\" value=\"Realoca\u00e7\u00e3o\" \/><span class=\"wpcf7-list-item-label\">Realoca\u00e7\u00e3o<\/span><\/label><\/span><span class=\"wpcf7-list-item\"><label><input type=\"checkbox\" name=\"checkbox-123[]\" value=\"Servi\u00e7os de concierge\" \/><span class=\"wpcf7-list-item-label\">Servi\u00e7os de concierge<\/span><\/label><\/span><span class=\"wpcf7-list-item\"><label><input type=\"checkbox\" name=\"checkbox-123[]\" value=\"Servi\u00e7os de gest\u00e3o de casas\" \/><span class=\"wpcf7-list-item-label\">Servi\u00e7os de gest\u00e3o de casas<\/span><\/label><\/span><span class=\"wpcf7-list-item\"><label><input type=\"checkbox\" name=\"checkbox-123[]\" value=\"Servi\u00e7os de gest\u00e3o de estilo de vida\" \/><span class=\"wpcf7-list-item-label\">Servi\u00e7os de gest\u00e3o de estilo de vida<\/span><\/label><\/span><span class=\"wpcf7-list-item\"><label><input type=\"checkbox\" name=\"checkbox-123[]\" value=\"Gest\u00e3o de arrendamento de curto prazo\" \/><span class=\"wpcf7-list-item-label\">Gest\u00e3o de arrendamento de curto prazo<\/span><\/label><\/span><span class=\"wpcf7-list-item last\"><label><input type=\"checkbox\" name=\"checkbox-123[]\" value=\"Outros\" \/><span class=\"wpcf7-list-item-label\">Outros<\/span><\/label><\/span><\/span><\/span>\n<\/p>\n<p><label> Mensagem<br \/>\n<span class=\"wpcf7-form-control-wrap\" data-name=\"your-message\"><textarea cols=\"40\" rows=\"10\" maxlength=\"2000\" class=\"wpcf7-form-control wpcf7-textarea\" aria-invalid=\"false\" name=\"your-message\"><\/textarea><\/span> <\/label>\n<\/p>\n<p><span class=\"wpcf7-form-control-wrap\" data-name=\"acceptance-515\"><span class=\"wpcf7-form-control wpcf7-acceptance\"><span class=\"wpcf7-list-item\"><label><input type=\"checkbox\" name=\"acceptance-515\" value=\"1\" aria-invalid=\"false\" \/><span class=\"wpcf7-list-item-label\">Li e aceito a <a href=\"\/pt-pt\/politica-de-privacidade\/\" target=\"_blank\">Pol\u00edtica de Privacidade<\/a><\/span><\/label><\/span><\/span><\/span>\n<\/p>\n<p><input class=\"wpcf7-form-control wpcf7-submit has-spinner\" type=\"submit\" value=\"Enviar\" \/>\n<\/p><div class=\"wpcf7-response-output\" aria-hidden=\"true\"><\/div>\n<\/form>\n<\/div>\n[\/et_pb_text][\/et_pb_column][et_pb_column type=&#8221;1_3&#8243; _builder_version=&#8221;4.16&#8243; custom_padding=&#8221;|||&#8221; global_colors_info=&#8221;{}&#8221; custom_padding__hover=&#8221;|||&#8221;][et_pb_text admin_label=&#8221;Titulo&#8221; _builder_version=&#8221;4.16&#8243; text_font=&#8221;Lato Light|on|||&#8221; text_text_color=&#8221;#474444&#8243; text_font_size=&#8221;26&#8243; text_line_height=&#8221;1.8em&#8221; header_line_height=&#8221;1.3em&#8221; background_size=&#8221;initial&#8221; background_position=&#8221;top_left&#8221; background_repeat=&#8221;repeat&#8221; module_alignment=&#8221;center&#8221; border_style=&#8221;solid&#8221; global_colors_info=&#8221;{}&#8221;]Contactos e Localiza\u00e7\u00e3o<br \/>\n[\/et_pb_text][et_pb_blurb title=&#8221;Contacto&#8221; use_icon=&#8221;on&#8221; font_icon=&#8221;&#xe00b;||divi||400&#8243; icon_color=&#8221;#ffffff&#8221; image_icon_background_color=&#8221;#e4a166&#8243; icon_placement=&#8221;left&#8221; image_icon_width=&#8221;16px&#8221; admin_label=&#8221;Contacto&#8221; _builder_version=&#8221;4.16&#8243; image_icon_custom_padding=&#8221;8px|8px|8px|8px|false|false&#8221; border_radii_image=&#8221;on|100%|100%|100%|100%&#8221; border_style=&#8221;solid&#8221; use_circle=&#8221;on&#8221; circle_color=&#8221;#e4a166&#8243; global_colors_info=&#8221;{}&#8221; image_icon_background_color__sticky_enabled=&#8221;#7EBEC5&#8243; image_icon_background_color__sticky=&#8221;#7EBEC5&#8243;]<\/p>\n<p>+351 91 251 50 98<br \/>Chamada para rede m\u00f3vel nacional<\/p>\n<p>[\/et_pb_blurb][et_pb_blurb title=&#8221;Email&#8221; use_icon=&#8221;on&#8221; font_icon=&#8221;&#xe00b;||divi||400&#8243; icon_color=&#8221;#ffffff&#8221; image_icon_background_color=&#8221;#e4a166&#8243; icon_placement=&#8221;left&#8221; image_icon_width=&#8221;16px&#8221; admin_label=&#8221;Email&#8221; _builder_version=&#8221;4.16&#8243; image_icon_custom_padding=&#8221;8px|8px|8px|8px|false|false&#8221; border_radii_image=&#8221;on|100%|100%|100%|100%&#8221; border_style=&#8221;solid&#8221; use_circle=&#8221;on&#8221; circle_color=&#8221;#e4a166&#8243; global_colors_info=&#8221;{}&#8221; image_icon_background_color__sticky_enabled=&#8221;#7EBEC5&#8243; image_icon_background_color__sticky=&#8221;#7EBEC5&#8243;]info@homeplan.pt<br \/>\n[\/et_pb_blurb][\/et_pb_column][\/et_pb_row][\/et_pb_section]<\/p>\n","protected":false},"excerpt":{"rendered":"<p>Contactos Contactos Estamos dispon\u00edveis 24\/7 e sempre contact\u00e1veis por email ou por telefone. \n<div class=\"wpcf7 no-js\" id=\"wpcf7-f894-o2\" lang=\"pt-PT\" dir=\"ltr\" data-wpcf7-id=\"894\">\n<div class=\"screen-reader-response\"><p role=\"status\" aria-live=\"polite\" aria-atomic=\"true\"><\/p> <ul><\/ul><\/div>\n<form action=\"\/pt-pt\/wp-json\/wp\/v2\/pages\/301#wpcf7-f894-o2\" method=\"post\" class=\"wpcf7-form init\" aria-label=\"Formul\u00e1rio de contacto\" novalidate=\"novalidate\" data-status=\"init\">\n<div style=\"display: none;\">\n<input type=\"hidden\" name=\"_wpcf7\" value=\"894\" \/>\n<input type=\"hidden\" name=\"_wpcf7_version\" value=\"6.0.6\" \/>\n<input type=\"hidden\" name=\"_wpcf7_locale\" value=\"pt_PT\" \/>\n<input type=\"hidden\" name=\"_wpcf7_unit_tag\" value=\"wpcf7-f894-o2\" \/>\n<input type=\"hidden\" name=\"_wpcf7_container_post\" value=\"0\" \/>\n<input type=\"hidden\" name=\"_wpcf7_posted_data_hash\" value=\"\" \/>\n<input type=\"hidden\" name=\"_wpcf7_recaptcha_response\" value=\"\" \/>\n<\/div>\n<p><label> Nome*<br \/>\n<span class=\"wpcf7-form-control-wrap\" data-name=\"your-name\"><input size=\"40\" maxlength=\"400\" class=\"wpcf7-form-control wpcf7-text wpcf7-validates-as-required\" aria-required=\"true\" aria-invalid=\"false\" value=\"\" type=\"text\" name=\"your-name\" \/><\/span> <\/label>\n<\/p>\n<p><label> E-mail*<br \/>\n<span class=\"wpcf7-form-control-wrap\" data-name=\"your-email\"><input size=\"40\" maxlength=\"400\" class=\"wpcf7-form-control wpcf7-email wpcf7-validates-as-required wpcf7-text wpcf7-validates-as-email\" aria-required=\"true\" aria-invalid=\"false\" value=\"\" type=\"email\" name=\"your-email\" \/><\/span> <\/label>\n<\/p>\n<p><label> Telefone*<br \/>\n<span class=\"wpcf7-form-control-wrap\" data-name=\"telefone\"><input size=\"40\" maxlength=\"400\" class=\"wpcf7-form-control wpcf7-tel wpcf7-validates-as-required wpcf7-text wpcf7-validates-as-tel\" aria-required=\"true\" aria-invalid=\"false\" value=\"\" type=\"tel\" name=\"telefone\" \/><\/span> <\/label>\n<\/p>\n<p>Tipo de Servi\u00e7o*\n<\/p>\n<p><span class=\"wpcf7-form-control-wrap\" data-name=\"checkbox-123\"><span class=\"wpcf7-form-control wpcf7-checkbox wpcf7-validates-as-required\"><span class=\"wpcf7-list-item first\"><label><input type=\"checkbox\" name=\"checkbox-123[]\" value=\"Procura de Casa\" \/><span class=\"wpcf7-list-item-label\">Procura de Casa<\/span><\/label><\/span><span class=\"wpcf7-list-item\"><label><input type=\"checkbox\" name=\"checkbox-123[]\" value=\"Realoca\u00e7\u00e3o\" \/><span class=\"wpcf7-list-item-label\">Realoca\u00e7\u00e3o<\/span><\/label><\/span><span class=\"wpcf7-list-item\"><label><input type=\"checkbox\" name=\"checkbox-123[]\" value=\"Servi\u00e7os de concierge\" \/><span class=\"wpcf7-list-item-label\">Servi\u00e7os de concierge<\/span><\/label><\/span><span class=\"wpcf7-list-item\"><label><input type=\"checkbox\" name=\"checkbox-123[]\" value=\"Servi\u00e7os de gest\u00e3o de casas\" \/><span class=\"wpcf7-list-item-label\">Servi\u00e7os de gest\u00e3o de casas<\/span><\/label><\/span><span class=\"wpcf7-list-item\"><label><input type=\"checkbox\" name=\"checkbox-123[]\" value=\"Servi\u00e7os de gest\u00e3o de estilo de vida\" \/><span class=\"wpcf7-list-item-label\">Servi\u00e7os de gest\u00e3o de estilo de vida<\/span><\/label><\/span><span class=\"wpcf7-list-item\"><label><input type=\"checkbox\" name=\"checkbox-123[]\" value=\"Gest\u00e3o de arrendamento de curto prazo\" \/><span class=\"wpcf7-list-item-label\">Gest\u00e3o de arrendamento de curto prazo<\/span><\/label><\/span><span class=\"wpcf7-list-item last\"><label><input type=\"checkbox\" name=\"checkbox-123[]\" value=\"Outros\" \/><span class=\"wpcf7-list-item-label\">Outros<\/span><\/label><\/span><\/span><\/span>\n<\/p>\n<p><label> Mensagem<br \/>\n<span class=\"wpcf7-form-control-wrap\" data-name=\"your-message\"><textarea cols=\"40\" rows=\"10\" maxlength=\"2000\" class=\"wpcf7-form-control wpcf7-textarea\" aria-invalid=\"false\" name=\"your-message\"><\/textarea><\/span> <\/label>\n<\/p>\n<p><span class=\"wpcf7-form-control-wrap\" data-name=\"acceptance-515\"><span class=\"wpcf7-form-control wpcf7-acceptance\"><span class=\"wpcf7-list-item\"><label><input type=\"checkbox\" name=\"acceptance-515\" value=\"1\" aria-invalid=\"false\" \/><span class=\"wpcf7-list-item-label\">Li e aceito a <a href=\"\/pt-pt\/politica-de-privacidade\/\" target=\"_blank\">Pol\u00edtica de Privacidade<\/a><\/span><\/label><\/span><\/span><\/span>\n<\/p>\n<p><input class=\"wpcf7-form-control wpcf7-submit has-spinner\" type=\"submit\" value=\"Enviar\" \/>\n<\/p><div class=\"wpcf7-response-output\" aria-hidden=\"true\"><\/div>\n<\/form>\n<\/div>\nContactos e Localiza\u00e7\u00e3o +351 91 251 50 98Chamada para rede m\u00f3vel nacionalinfo@homeplan.pt<\/p>\n","protected":false},"author":1,"featured_media":0,"parent":0,"menu_order":1,"comment_status":"closed","ping_status":"open","template":"","meta":{"_et_pb_use_builder":"on","_et_pb_old_content":"<p>Isto \u00e9 um exemplo de p\u00e1gina. \u00c9 diferente de um artigo porque fica no mesmo s\u00edtio e aparece na navega\u00e7\u00e3o do seu site (na maior parte dos temas). O normal \u00e9 come\u00e7ar com uma p\u00e1gina \"Sobre mim\"\/\"Sobre n\u00f3s\", que apresenta o site aos visitantes. Pode ser qualquer coisa deste tipo:<\/p><blockquote><p>Ol\u00e1! Fa\u00e7o entregas durante o dia, mas estudo para ser actor \u00e0 noite. Este \u00e9 o meu site. Vivo em Lisboa, tenho um c\u00e3o chamado Belarmino e gosto de caipirinhas (e de ver a relva a crescer).<\/p><\/blockquote><p>...ou deste:<\/p><blockquote><p>A Gambozinos XPTO foi fundada em 1971 e tem, desde ent\u00e3o, fornecido gambuzinos da mais alta qualidade aos seus clientes. Localizada em Gotham, a Gambozinos XPTO emprega mais de 2,000 colaboradores e \u00e9 um dos pilares da comunidade de Gotham.<\/p><\/blockquote><p>Visite <a href=\"https:\/\/homeplan.pt\/wp-admin\/\">o seu painel<\/a> para apagar esta p\u00e1gina ou para criar mais p\u00e1ginas para o seu conte\u00fado. Divirta-se!<\/p>","_et_gb_content_width":"","footnotes":""},"class_list":["post-301","page","type-page","status-publish","hentry"],"_links":{"self":[{"href":"https:\/\/homeplan.pt\/pt-pt\/wp-json\/wp\/v2\/pages\/301","targetHints":{"allow":["GET"]}}],"collection":[{"href":"https:\/\/homeplan.pt\/pt-pt\/wp-json\/wp\/v2\/pages"}],"about":[{"href":"https:\/\/homeplan.pt\/pt-pt\/wp-json\/wp\/v2\/types\/page"}],"author":[{"embeddable":true,"href":"https:\/\/homeplan.pt\/pt-pt\/wp-json\/wp\/v2\/users\/1"}],"replies":[{"embeddable":true,"href":"https:\/\/homeplan.pt\/pt-pt\/wp-json\/wp\/v2\/comments?post=301"}],"version-history":[{"count":11,"href":"https:\/\/homeplan.pt\/pt-pt\/wp-json\/wp\/v2\/pages\/301\/revisions"}],"predecessor-version":[{"id":895,"href":"https:\/\/homeplan.pt\/pt-pt\/wp-json\/wp\/v2\/pages\/301\/revisions\/895"}],"wp:attachment":[{"href":"https:\/\/homeplan.pt\/pt-pt\/wp-json\/wp\/v2\/media?parent=301"}],"curies":[{"name":"wp","href":"https:\/\/api.w.org\/{rel}","templated":true}]}}