{"id":742,"date":"2020-08-12T08:56:05","date_gmt":"2020-08-12T07:56:05","guid":{"rendered":"https:\/\/homeplan.pt\/?page_id=742"},"modified":"2020-08-12T08:56:48","modified_gmt":"2020-08-12T07:56:48","slug":"sobre-nos-2","status":"publish","type":"page","link":"https:\/\/homeplan.pt\/pt-pt\/sobre-nos-2\/","title":{"rendered":"Onde estamos"},"content":{"rendered":"<p>[et_pb_section fb_built=&#8221;1&#8243; _builder_version=&#8221;3.22&#8243; background_image=&#8221;https:\/\/homeplan.pt\/wp-content\/uploads\/2017\/09\/aboutus.jpg&#8221; background_position=&#8221;bottom_center&#8221; custom_padding=&#8221;100px||300px|&#8221; animation_style=&#8221;slide&#8221;][et_pb_row _builder_version=&#8221;3.25&#8243; background_size=&#8221;initial&#8221; background_position=&#8221;top_left&#8221; background_repeat=&#8221;repeat&#8221;][et_pb_column type=&#8221;4_4&#8243; _builder_version=&#8221;3.25&#8243; custom_padding=&#8221;|||&#8221; custom_padding__hover=&#8221;|||&#8221;][et_pb_text admin_label=&#8221;Titulo&#8221; _builder_version=&#8221;4.4.8&#8243; text_font=&#8221;Lato Light|on|||&#8221; text_text_color=&#8221;#ffffff&#8221; text_font_size=&#8221;40&#8243; text_line_height=&#8221;1.8em&#8221; header_line_height=&#8221;1.3em&#8221; background_size=&#8221;initial&#8221; background_position=&#8221;top_left&#8221; background_repeat=&#8221;repeat&#8221; text_orientation=&#8221;center&#8221; module_alignment=&#8221;center&#8221; hover_enabled=&#8221;0&#8243; border_style=&#8221;solid&#8221;]<\/p>\n<p><span>Onde estamos<\/span><\/p>\n<p>[\/et_pb_text][\/et_pb_column][\/et_pb_row][\/et_pb_section][et_pb_section fb_built=&#8221;1&#8243; custom_padding_last_edited=&#8221;on|phone&#8221; module_id=&#8221;work&#8221; _builder_version=&#8221;3.22&#8243; background_color=&#8221;#edf1f2&#8243; custom_padding=&#8221;20px||40px|&#8221; custom_padding_tablet=&#8221;50px|0|50px|0&#8243; custom_padding_phone=&#8221;20px|0px|10px|0px&#8221; transparent_background=&#8221;off&#8221;][et_pb_row column_structure=&#8221;1_2,1_2&#8243; use_custom_gutter=&#8221;on&#8221; gutter_width=&#8221;1&#8243; padding_mobile=&#8221;off&#8221; make_equal=&#8221;on&#8221; disabled_on=&#8221;|off|&#8221; _builder_version=&#8221;3.25&#8243; background_size=&#8221;initial&#8221; background_position=&#8221;top_left&#8221; background_repeat=&#8221;repeat&#8221; custom_margin=&#8221;0px||0px|&#8221; custom_padding=&#8221;0px||0px|&#8221; animation_style=&#8221;slide&#8221; animation_direction=&#8221;left&#8221;][et_pb_column type=&#8221;1_2&#8243; _builder_version=&#8221;3.25&#8243; background_color=&#8221;#ffffff&#8221; custom_padding=&#8221;100px|20px|100px|50px&#8221; custom_padding__hover=&#8221;|||&#8221;][et_pb_text admin_label=&#8221;Titulo&#8221; _builder_version=&#8221;4.4.8&#8243; text_font=&#8221;Lato Light||||&#8221; text_text_color=&#8221;#7a7a7a&#8221; text_font_size=&#8221;20&#8243; background_size=&#8221;initial&#8221; background_position=&#8221;top_left&#8221; background_repeat=&#8221;repeat&#8221; module_alignment=&#8221;left&#8221; custom_margin=&#8221;||0px|&#8221; custom_padding=&#8221;||0px|&#8221; text_font_size_tablet=&#8221;22&#8243; text_font_size_phone=&#8221;&#8221; text_font_size_last_edited=&#8221;on|desktop&#8221; border_style=&#8221;solid&#8221;]<\/p>\n<div class=\"et_pb_module et_pb_text et_pb_text_4  et_pb_text_align_left et_pb_bg_layout_light\">\n<div class=\"et_pb_text_inner\">\n<p>A nossa casa<\/p>\n<\/div>\n<\/div>\n<div class=\"et_pb_module et_pb_text et_pb_text_5  et_pb_text_align_left et_pb_bg_layout_light\">\n<div class=\"et_pb_text_inner\"><\/div>\n<\/div>\n<p>[\/et_pb_text][et_pb_text admin_label=&#8221;sub-Titulo&#8221; _builder_version=&#8221;4.4.8&#8243; text_font=&#8221;Lato Light|on|||&#8221; text_text_color=&#8221;#e5a161&#8243; text_font_size=&#8221;24&#8243; background_size=&#8221;initial&#8221; background_position=&#8221;top_left&#8221; background_repeat=&#8221;repeat&#8221; module_alignment=&#8221;left&#8221; custom_margin=&#8221;||20px|&#8221; text_font_size_tablet=&#8221;22&#8243; text_font_size_phone=&#8221;&#8221; text_font_size_last_edited=&#8221;on|desktop&#8221; border_style=&#8221;solid&#8221;]<\/p>\n<p><span>Onde estamos<\/span><\/p>\n<p>[\/et_pb_text][et_pb_text admin_label=&#8221;Texto&#8221; _builder_version=&#8221;4.4.8&#8243; text_font=&#8221;Raleway Light||||&#8221; text_text_color=&#8221;#555555&#8243; text_font_size=&#8221;15&#8243; text_line_height=&#8221;1.8em&#8221; background_size=&#8221;initial&#8221; background_position=&#8221;top_left&#8221; background_repeat=&#8221;repeat&#8221; module_alignment=&#8221;left&#8221; custom_margin=&#8221;||20px|&#8221; custom_padding=&#8221;|50px||&#8221; border_style=&#8221;solid&#8221;]<\/p>\n<p>Lisboa \u00e9 onde podemos prestar toda a assist\u00eancia que precisa.<\/p>\n<p>Se est\u00e1 \u00e0 procura de uma casa para comprar, se precisa de ajuda em todo o processo de mudan\u00e7a e instala\u00e7\u00e3o no nosso pa\u00eds, n\u00f3s podemos ajudar.<\/p>\n<p>Se est\u00e1 \u00e0 procura de uma assistente pessoal ou de home e lifestyle services, n\u00f3s podemos ajudar.<\/p>\n<p>[\/et_pb_text][\/et_pb_column][et_pb_column type=&#8221;1_2&#8243; _builder_version=&#8221;3.25&#8243; background_image=&#8221;https:\/\/homeplan.pt\/wp-content\/uploads\/2017\/09\/WORK_PAGE.jpg&#8221; custom_padding=&#8221;|||&#8221; custom_padding__hover=&#8221;|||&#8221;][et_pb_divider show_divider=&#8221;off&#8221; disabled_on=&#8221;off&#8221; _builder_version=&#8221;3.2&#8243; height=&#8221;240px&#8221; hide_on_mobile=&#8221;off&#8221;][\/et_pb_divider][\/et_pb_column][\/et_pb_row][\/et_pb_section][et_pb_section fb_built=&#8221;1&#8243; _builder_version=&#8221;3.22&#8243; background_image=&#8221;https:\/\/homeplan.pt\/wp-content\/uploads\/2017\/09\/bg_contact.jpg&#8221; parallax=&#8221;on&#8221;][et_pb_row _builder_version=&#8221;3.25&#8243; background_size=&#8221;initial&#8221; background_position=&#8221;top_left&#8221; background_repeat=&#8221;repeat&#8221;][et_pb_column type=&#8221;4_4&#8243; _builder_version=&#8221;3.25&#8243; custom_padding=&#8221;|||&#8221; custom_padding__hover=&#8221;|||&#8221;][et_pb_text admin_label=&#8221;Titulo&#8221; _builder_version=&#8221;4.4.8&#8243; text_font=&#8221;Lato||||&#8221; text_text_color=&#8221;#ffffff&#8221; text_font_size=&#8221;38&#8243; text_line_height=&#8221;1.8em&#8221; header_line_height=&#8221;1.3em&#8221; background_size=&#8221;initial&#8221; background_position=&#8221;top_left&#8221; background_repeat=&#8221;repeat&#8221; text_orientation=&#8221;center&#8221; module_alignment=&#8221;center&#8221; border_style=&#8221;solid&#8221;]<\/p>\n<div class=\"et_pb_text et_pb_module et_pb_bg_layout_light et_pb_text_align_center et_pb_text_9\">\n<div class=\"et_pb_text_inner\">\n<p><span>Contactos<\/span><\/p>\n<\/div>\n<\/div>\n<p>[\/et_pb_text][et_pb_contact_form captcha=&#8221;off&#8221; submit_button_text=&#8221;Submit&#8221; _builder_version=&#8221;4.4.8&#8243; form_field_background_color=&#8221;rgba(255,255,255,0)&#8221; form_field_text_color=&#8221;#ffffff&#8221; custom_button=&#8221;on&#8221; button_text_color=&#8221;#ffffff&#8221; button_bg_color=&#8221;#e5a161&#8243; button_border_width=&#8221;0&#8243; animation_style=&#8221;slide&#8221; border_radii=&#8221;on|0px|0px|0px|0px&#8221; border_width_all=&#8221;2px&#8221; border_color_all=&#8221;#ffffff&#8221; border_style_all=&#8221;solid&#8221; use_border_color=&#8221;on&#8221; border_width=&#8221;2px&#8221; border_style=&#8221;solid&#8221; input_border_radius=&#8221;0&#8243; form_background_color=&#8221;rgba(255,255,255,0)&#8221; button_letter_spacing_hover=&#8221;0&#8243;][et_pb_contact_field field_id=&#8221;Name&#8221; field_title=&#8221;Nome&#8221; _builder_version=&#8221;4.4.8&#8243; form_field_font=&#8221;||||&#8221; form_field_text_align=&#8221;left&#8221; text_orientation=&#8221;left&#8221; max_width=&#8221;30%&#8221; max_width_tablet=&#8221;33%&#8221; max_width_phone=&#8221;33%&#8221; custom_css_main_element=&#8221;Max-width: 33%;||Float: left;||Margin-top: -1.5%;||Clear: none !important;&#8221; use_border_color=&#8221;off&#8221; border_style=&#8221;solid&#8221; button_text_size__hover_enabled=&#8221;off&#8221; button_one_text_size__hover_enabled=&#8221;off&#8221; button_two_text_size__hover_enabled=&#8221;off&#8221; button_text_color__hover_enabled=&#8221;off&#8221; button_one_text_color__hover_enabled=&#8221;off&#8221; button_two_text_color__hover_enabled=&#8221;off&#8221; button_border_width__hover_enabled=&#8221;off&#8221; button_one_border_width__hover_enabled=&#8221;off&#8221; button_two_border_width__hover_enabled=&#8221;off&#8221; button_border_color__hover_enabled=&#8221;off&#8221; button_one_border_color__hover_enabled=&#8221;off&#8221; button_two_border_color__hover_enabled=&#8221;off&#8221; button_border_radius__hover_enabled=&#8221;off&#8221; button_one_border_radius__hover_enabled=&#8221;off&#8221; button_two_border_radius__hover_enabled=&#8221;off&#8221; button_letter_spacing__hover_enabled=&#8221;off&#8221; button_one_letter_spacing__hover_enabled=&#8221;off&#8221; button_two_letter_spacing__hover_enabled=&#8221;off&#8221; button_bg_color__hover_enabled=&#8221;off&#8221; button_one_bg_color__hover_enabled=&#8221;off&#8221; button_two_bg_color__hover_enabled=&#8221;off&#8221;][\/et_pb_contact_field][et_pb_contact_field field_id=&#8221;Email&#8221; field_title=&#8221;Email&#8221; field_type=&#8221;email&#8221; _builder_version=&#8221;4.4.8&#8243; form_field_font=&#8221;||||&#8221; form_field_text_align=&#8221;left&#8221; text_orientation=&#8221;left&#8221; max_width=&#8221;30%&#8221; max_width_tablet=&#8221;33%&#8221; max_width_phone=&#8221;33%&#8221; custom_css_main_element=&#8221;Max-width: 33%;||Float: left;||Margin-top: -1.5%;||Clear: none !important;&#8221; use_border_color=&#8221;off&#8221; border_style=&#8221;solid&#8221; button_text_size__hover_enabled=&#8221;off&#8221; button_one_text_size__hover_enabled=&#8221;off&#8221; button_two_text_size__hover_enabled=&#8221;off&#8221; button_text_color__hover_enabled=&#8221;off&#8221; button_one_text_color__hover_enabled=&#8221;off&#8221; button_two_text_color__hover_enabled=&#8221;off&#8221; button_border_width__hover_enabled=&#8221;off&#8221; button_one_border_width__hover_enabled=&#8221;off&#8221; button_two_border_width__hover_enabled=&#8221;off&#8221; button_border_color__hover_enabled=&#8221;off&#8221; button_one_border_color__hover_enabled=&#8221;off&#8221; button_two_border_color__hover_enabled=&#8221;off&#8221; button_border_radius__hover_enabled=&#8221;off&#8221; button_one_border_radius__hover_enabled=&#8221;off&#8221; button_two_border_radius__hover_enabled=&#8221;off&#8221; button_letter_spacing__hover_enabled=&#8221;off&#8221; button_one_letter_spacing__hover_enabled=&#8221;off&#8221; button_two_letter_spacing__hover_enabled=&#8221;off&#8221; button_bg_color__hover_enabled=&#8221;off&#8221; button_one_bg_color__hover_enabled=&#8221;off&#8221; button_two_bg_color__hover_enabled=&#8221;off&#8221;][\/et_pb_contact_field][et_pb_contact_field field_id=&#8221;contact&#8221; field_title=&#8221;Telefone&#8221; _builder_version=&#8221;4.4.8&#8243; form_field_font=&#8221;||||&#8221; form_field_text_align=&#8221;left&#8221; text_orientation=&#8221;left&#8221; max_width=&#8221;30%&#8221; max_width_tablet=&#8221;33%&#8221; max_width_phone=&#8221;33%&#8221; custom_css_main_element=&#8221;Max-width: 33%;||Float: left;||Margin-top: -1.5%;||Clear: none !important;&#8221; use_border_color=&#8221;off&#8221; border_style=&#8221;solid&#8221; button_text_size__hover_enabled=&#8221;off&#8221; button_one_text_size__hover_enabled=&#8221;off&#8221; button_two_text_size__hover_enabled=&#8221;off&#8221; button_text_color__hover_enabled=&#8221;off&#8221; button_one_text_color__hover_enabled=&#8221;off&#8221; button_two_text_color__hover_enabled=&#8221;off&#8221; button_border_width__hover_enabled=&#8221;off&#8221; button_one_border_width__hover_enabled=&#8221;off&#8221; button_two_border_width__hover_enabled=&#8221;off&#8221; button_border_color__hover_enabled=&#8221;off&#8221; button_one_border_color__hover_enabled=&#8221;off&#8221; button_two_border_color__hover_enabled=&#8221;off&#8221; button_border_radius__hover_enabled=&#8221;off&#8221; button_one_border_radius__hover_enabled=&#8221;off&#8221; button_two_border_radius__hover_enabled=&#8221;off&#8221; button_letter_spacing__hover_enabled=&#8221;off&#8221; button_one_letter_spacing__hover_enabled=&#8221;off&#8221; button_two_letter_spacing__hover_enabled=&#8221;off&#8221; button_bg_color__hover_enabled=&#8221;off&#8221; button_one_bg_color__hover_enabled=&#8221;off&#8221; button_two_bg_color__hover_enabled=&#8221;off&#8221;][\/et_pb_contact_field][\/et_pb_contact_form][\/et_pb_column][\/et_pb_row][\/et_pb_section]<\/p>\n","protected":false},"excerpt":{"rendered":"<p>Onde estamos A nossa casa Onde estamos Lisboa \u00e9 onde podemos prestar toda a assist\u00eancia que precisa. Se est\u00e1 \u00e0 procura de uma casa para comprar, se precisa de ajuda em todo o processo de mudan\u00e7a e instala\u00e7\u00e3o no nosso pa\u00eds, n\u00f3s podemos ajudar. Se est\u00e1 \u00e0 procura de uma assistente pessoal ou de home [&hellip;]<\/p>\n","protected":false},"author":2,"featured_media":0,"parent":0,"menu_order":12,"comment_status":"closed","ping_status":"open","template":"","meta":{"_et_pb_use_builder":"on","_et_pb_old_content":"<p>Isto \u00e9 um exemplo de p\u00e1gina. \u00c9 diferente de um artigo porque fica no mesmo s\u00edtio e aparece na navega\u00e7\u00e3o do seu site (na maior parte dos temas). O normal \u00e9 come\u00e7ar com uma p\u00e1gina \"Sobre mim\"\/\"Sobre n\u00f3s\", que apresenta o site aos visitantes. Pode ser qualquer coisa deste tipo:<\/p><blockquote><p>Ol\u00e1! Fa\u00e7o entregas durante o dia, mas estudo para ser actor \u00e0 noite. Este \u00e9 o meu site. Vivo em Lisboa, tenho um c\u00e3o chamado Belarmino e gosto de caipirinhas (e de ver a relva a crescer).<\/p><\/blockquote><p>...ou deste:<\/p><blockquote><p>A Gambozinos XPTO foi fundada em 1971 e tem, desde ent\u00e3o, fornecido gambuzinos da mais alta qualidade aos seus clientes. Localizada em Gotham, a Gambozinos XPTO emprega mais de 2,000 colaboradores e \u00e9 um dos pilares da comunidade de Gotham.<\/p><\/blockquote><p>Visite <a href=\"https:\/\/homeplan.pt\/wp-admin\/\">o seu painel<\/a> para apagar esta p\u00e1gina ou para criar mais p\u00e1ginas para o seu conte\u00fado. Divirta-se!<\/p>","_et_gb_content_width":"","footnotes":""},"class_list":["post-742","page","type-page","status-publish","hentry"],"_links":{"self":[{"href":"https:\/\/homeplan.pt\/pt-pt\/wp-json\/wp\/v2\/pages\/742","targetHints":{"allow":["GET"]}}],"collection":[{"href":"https:\/\/homeplan.pt\/pt-pt\/wp-json\/wp\/v2\/pages"}],"about":[{"href":"https:\/\/homeplan.pt\/pt-pt\/wp-json\/wp\/v2\/types\/page"}],"author":[{"embeddable":true,"href":"https:\/\/homeplan.pt\/pt-pt\/wp-json\/wp\/v2\/users\/2"}],"replies":[{"embeddable":true,"href":"https:\/\/homeplan.pt\/pt-pt\/wp-json\/wp\/v2\/comments?post=742"}],"version-history":[{"count":2,"href":"https:\/\/homeplan.pt\/pt-pt\/wp-json\/wp\/v2\/pages\/742\/revisions"}],"predecessor-version":[{"id":745,"href":"https:\/\/homeplan.pt\/pt-pt\/wp-json\/wp\/v2\/pages\/742\/revisions\/745"}],"wp:attachment":[{"href":"https:\/\/homeplan.pt\/pt-pt\/wp-json\/wp\/v2\/media?parent=742"}],"curies":[{"name":"wp","href":"https:\/\/api.w.org\/{rel}","templated":true}]}}