{"id":867,"date":"2025-05-05T12:36:24","date_gmt":"2025-05-05T11:36:24","guid":{"rendered":"https:\/\/homeplan.pt\/?page_id=867"},"modified":"2025-06-24T20:59:15","modified_gmt":"2025-06-24T19:59:15","slug":"politica-de-privacidade","status":"publish","type":"page","link":"https:\/\/homeplan.pt\/pt-pt\/politica-de-privacidade\/","title":{"rendered":"Pol\u00edtica de Privacidade"},"content":{"rendered":"<p>[et_pb_section fb_built=&#8221;1&#8243; _builder_version=&#8221;4.16&#8243; background_image=&#8221;https:\/\/homeplan.pt\/wp-content\/uploads\/2017\/09\/aboutus.jpg&#8221; background_position=&#8221;bottom_center&#8221; custom_padding=&#8221;100px||300px|&#8221; animation_style=&#8221;slide&#8221; global_colors_info=&#8221;{}&#8221;][et_pb_row _builder_version=&#8221;4.16&#8243; background_size=&#8221;initial&#8221; background_position=&#8221;top_left&#8221; background_repeat=&#8221;repeat&#8221; global_colors_info=&#8221;{}&#8221;][et_pb_column type=&#8221;4_4&#8243; _builder_version=&#8221;4.16&#8243; custom_padding=&#8221;|||&#8221; global_colors_info=&#8221;{}&#8221; custom_padding__hover=&#8221;|||&#8221;][et_pb_text admin_label=&#8221;Titulo&#8221; _builder_version=&#8221;4.27.4&#8243; text_font=&#8221;Lato Light|on|||&#8221; text_text_color=&#8221;#ffffff&#8221; text_font_size=&#8221;40&#8243; text_line_height=&#8221;1.8em&#8221; header_line_height=&#8221;1.3em&#8221; background_size=&#8221;initial&#8221; background_position=&#8221;top_left&#8221; background_repeat=&#8221;repeat&#8221; text_orientation=&#8221;center&#8221; module_alignment=&#8221;center&#8221; border_style=&#8221;solid&#8221; global_colors_info=&#8221;{}&#8221;]<\/p>\n<p>Pol\u00edtica de Privacidade<\/p>\n<p>[\/et_pb_text][\/et_pb_column][\/et_pb_row][\/et_pb_section][et_pb_section fb_built=&#8221;1&#8243; custom_padding_last_edited=&#8221;on|phone&#8221; module_id=&#8221;work&#8221; _builder_version=&#8221;4.16&#8243; background_color=&#8221;#edf1f2&#8243; custom_padding=&#8221;20px||40px|&#8221; custom_padding_tablet=&#8221;50px|0|50px|0&#8243; custom_padding_phone=&#8221;20px|0px|10px|0px&#8221; transparent_background=&#8221;off&#8221; global_colors_info=&#8221;{}&#8221;][et_pb_row _builder_version=&#8221;4.27.4&#8243; _module_preset=&#8221;default&#8221; global_colors_info=&#8221;{}&#8221;][et_pb_column type=&#8221;4_4&#8243; _builder_version=&#8221;4.27.4&#8243; _module_preset=&#8221;default&#8221; global_colors_info=&#8221;{}&#8221;][et_pb_text _builder_version=&#8221;4.27.4&#8243; _module_preset=&#8221;default&#8221; text_font=&#8221;Raleway Light||||&#8221; text_text_color=&#8221;#555555&#8243; text_font_size=&#8221;15&#8243; text_line_height=&#8221;1.8em&#8221; background_size=&#8221;initial&#8221; background_position=&#8221;top_left&#8221; background_repeat=&#8221;repeat&#8221; module_alignment=&#8221;left&#8221; custom_margin=&#8221;||20px|&#8221; custom_padding=&#8221;|50px||&#8221; hover_enabled=&#8221;0&#8243; global_colors_info=&#8221;{}&#8221; sticky_enabled=&#8221;0&#8243;]<\/p>\n<p>Pretende-se dar a conhecer aos utilizadores do website <a href=\"https:\/\/homeplan.pt\/pt-pt\/\">homeplan.pt<\/a> as regras gerais de tratamento de dados pessoais os quais s\u00e3o recolhidos e tratados no estrito respeito e cumprimento do disposto na legisla\u00e7\u00e3o de prote\u00e7\u00e3o de dados pessoais em vigor..<\/p>\n<p>Estamos empenhados na prote\u00e7\u00e3o e confidencialidade dos dados pessoais, tendo adotado as medidas que consideramos adequadas para assegurar a exatid\u00e3o, integridade e confidencialidade dos dados pessoais, bem como todos os demais direitos que assistem aos respetivos titulares.<\/p>\n<p>Esta declara\u00e7\u00e3o de privacidade foi atualizada pela \u00faltima vez em Junho de 2025.<\/p>\n<p>Nesta declara\u00e7\u00e3o de privacidade, explicamos o que fazemos com os dados que obtemos atrav\u00e9s deste website. Recomendamos que leia atentamente esta declara\u00e7\u00e3o.<\/p>\n<p>Cumprimos os requisitos da legisla\u00e7\u00e3o de privacidade,:<\/p>\n<ol>\n<li>Declaramos as finalidades para as quais processamos dados pessoais. Fazemos isso por meio desta declara\u00e7\u00e3o de privacidade;<\/li>\n<li>Pretendemos limitar a recolha de dados pessoais apenas aos dados pessoais necess\u00e1rios para fins leg\u00edtimos;<\/li>\n<li>Solicitamos em primeiro lugar o seu consentimento expl\u00edcito para processar os seus dados pessoais nos casos que requerem o seu consentimento;<\/li>\n<li>Tomamos medidas de seguran\u00e7a adequadas para proteger os seus dados pessoais e tamb\u00e9m exigimos isso de partes que processam dados pessoais em nosso nome;<\/li>\n<li>Respeitamos o seu direito de aceder aos seus dados pessoais, corrigi-los ou apag\u00e1-los, a seu pedido.<\/li>\n<\/ol>\n<p>Se tiver alguma d\u00favida ou quiser saber exatamente quais dados mantemos de si, entre em contacto connosco atrav\u00e9s do email referido no ultimo ponto desta Pol\u00edtica de Privacidade.<\/p>\n<ol>\n<li><strong> <\/strong><strong>Princ\u00edpios Gerais<\/strong><\/li>\n<\/ol>\n<p>Comprometemo-nos a assegurar que os dados pessoais s\u00e3o:<\/p>\n<ol>\n<li>Objeto de um tratamento l\u00edcito, leal e transparente em rela\u00e7\u00e3o aos titulares dos dados, recolhidos para finalidades determinadas, expl\u00edcitas e leg\u00edtimas, n\u00e3o sendo tratados posteriormente de uma forma incompat\u00edvel com essas finalidades para que s\u00e3o tratados;<\/li>\n<li>Conservados de uma forma que permita a identifica\u00e7\u00e3o dos titulares dos dados apenas durante o per\u00edodo necess\u00e1rio para as finalidades para as quais s\u00e3o tratados;<\/li>\n<li>Tratados de uma forma que garanta a sua seguran\u00e7a, incluindo a prote\u00e7\u00e3o contra o seu tratamento n\u00e3o autorizado ou ilegal e contra a sua perda, destrui\u00e7\u00e3o ou dano imprevisto, sendo adotadas as medidas t\u00e9cnicas ou organizativas adequadas.<\/li>\n<\/ol>\n<p>&nbsp;<\/p>\n<ol start=\"2\">\n<li><strong> <\/strong><strong>Objetivos da Recolha de Dados Pessoais<\/strong><\/li>\n<\/ol>\n<p>Podemos recolher ou receber informa\u00e7\u00f5es pessoais para v\u00e1rios fins relacionados com as nossas opera\u00e7\u00f5es comerciais, que podem incluir o Contacto, atrav\u00e9s de telefone, correio, e-mail e\/ou formul\u00e1rios web<\/p>\n<p>Usamos os seguintes dados: Nome, Website, Endere\u00e7o, N\u00ba Fiscal, Email e Telefone<\/p>\n<p>A base na qual podemos processar esses dados \u00e9:<\/p>\n<ol>\n<li>Para cumprimento de uma obriga\u00e7\u00e3o legal ou contratual, por exemplo quando lhe prestamos um dos nossos servi\u00e7os;<\/li>\n<li>Para lhe fornecer os nossos servi\u00e7os de newsletter, apenas e s\u00f3 quando solicitados (nome e e-mail);<\/li>\n<li>Quando utilizado o formul\u00e1rio de contacto, os dados aqui recolhidos t\u00eam como \u00fanico objetivo dar resposta \u00e0 informa\u00e7\u00e3o solicitada pelo Cliente, gest\u00e3o dos seus pedidos e controlo da qualidade dos servi\u00e7os prestados (nome, e-mail, n\u00famero de contacto);<\/li>\n<\/ol>\n<p>&nbsp;<\/p>\n<ol start=\"3\">\n<li><strong> <\/strong><strong>Prazo de conserva\u00e7\u00e3o dos Dados Pessoais<\/strong><\/li>\n<\/ol>\n<p>Conservamos os Dados Pessoais apenas pelo per\u00edodo\/ tempo necess\u00e1rio \u00e0 execu\u00e7\u00e3o das finalidades espec\u00edficas para as quais foram recolhidos. No entanto, poderemos ser obrigados a armazenar alguns Dados Pessoais por um per\u00edodo maior, tendo em considera\u00e7\u00e3o fatores de ordem legal.<\/p>\n<p>Durante o per\u00edodo de Tratamento dos Dados Pessoais, garantimos que os mesmos s\u00e3o tratados em conformidade com esta Pol\u00edtica de Privacidade. Assim que os Dados j\u00e1 n\u00e3o sejam necess\u00e1rios, procederemos \u00e0 sua elimina\u00e7\u00e3o de forma segura.<\/p>\n<p>No que se refere ao consentimento, a remo\u00e7\u00e3o do consentimento n\u00e3o invalida o tratamento efetuado at\u00e9 essa data com base no consentimento anteriormente prestado.<\/p>\n<ol start=\"4\">\n<li><strong> <\/strong><strong>Os seus direitos<\/strong><\/li>\n<\/ol>\n<p>Tem direito a:<\/p>\n<ol>\n<li>Estar informado<\/li>\n<li>Ao acesso, retifica\u00e7\u00e3o, limita\u00e7\u00e3o e ao apagamento dos dados<\/li>\n<li>\u00c0 portabilidade dos dados<\/li>\n<li>\u00c0 oposi\u00e7\u00e3o dos dados<\/li>\n<li>\u00c0 reclama\u00e7\u00e3o \u00e0s autoridades competentes<\/li>\n<li><strong> <\/strong><strong>Pr\u00e1ticas de divulga\u00e7\u00e3o<\/strong><\/li>\n<\/ol>\n<p>Segue informa\u00e7\u00e3o sobre as nossas pr\u00e1ticas de divulga\u00e7\u00e3o:<\/p>\n<ol>\n<li>Divulgamos informa\u00e7\u00f5es pessoais se formos obrigados por lei ou por ordem judicial.<\/li>\n<li>Se o nosso site ou organiza\u00e7\u00e3o for adquirido, vendido ou estiver envolvido numa fus\u00e3o ou aquisi\u00e7\u00e3o, os seus dados poder\u00e3o ser divulgados aos nossos consultores e a quaisquer potenciais compradores e ser\u00e3o repassados \u200b\u200baos novos propriet\u00e1rios.<\/li>\n<li>Existe um Acordo de Processamento de dados com o Google, mas o Google n\u00e3o pode usar os dados para nenhum outro servi\u00e7o do Google.<\/li>\n<li>A inclus\u00e3o de endere\u00e7os IP completos \u00e9 bloqueada por n\u00f3s.<\/li>\n<\/ol>\n<p>&nbsp;<\/p>\n<ol start=\"6\">\n<li><strong> <\/strong><strong>Seguran\u00e7a<\/strong><\/li>\n<\/ol>\n<p>Estamos comprometidos com a seguran\u00e7a dos dados pessoais. Tomamos medidas de seguran\u00e7a adequadas para limitar o abuso e o acesso n\u00e3o autorizado aos dados pessoais.<\/p>\n<ol start=\"7\">\n<li><strong> <\/strong><strong>Sites de terceiros<\/strong><\/li>\n<\/ol>\n<p>Esta declara\u00e7\u00e3o de privacidade n\u00e3o se aplica a sites de terceiros ligados por links do nosso site. N\u00e3o podemos garantir que esses terceiros manuseiem os seus dados pessoais de maneira confi\u00e1vel ou segura. Recomendamos que leia as declara\u00e7\u00f5es de privacidade desses sites antes de fazer uso deles.<\/p>\n<ol start=\"8\">\n<li><strong> <\/strong><strong>Altera\u00e7\u00f5es a esta declara\u00e7\u00e3o de privacidade<\/strong><\/li>\n<\/ol>\n<p>Reservamo-nos o direito de fazer altera\u00e7\u00f5es a esta declara\u00e7\u00e3o de privacidade. \u00c9 recomend\u00e1vel que consulte esta declara\u00e7\u00e3o de privacidade regularmente, a fim de estar ciente de quaisquer altera\u00e7\u00f5es. Al\u00e9m disso, iremos inform\u00e1-lo ativamente sempre que poss\u00edvel.<\/p>\n<ol start=\"9\">\n<li><strong> <\/strong><strong>Cookies<\/strong><\/li>\n<\/ol>\n<p>O nosso site usa cookies. Para obter mais informa\u00e7\u00f5es sobre cookies, consulte a nossa <a href=\"https:\/\/homeplan.pt\/pt-pt\/politica-de-cookies\/\" target=\"_blank\" rel=\"noopener\">Pol\u00edtica de Cookies.<\/a><\/p>\n<ol start=\"10\">\n<li><strong> <\/strong><strong>Detalhes do contacto<\/strong><\/li>\n<\/ol>\n<p>Nome: Homeplan, Unipessoal Lda<\/p>\n<p>Endere\u00e7o: <span>Avenida Miguel Torga, N\u00ba 27-C, 2 D<\/span><\/p>\n<p>C\u00f3digo-Postal: <span>1070-183, <\/span><span>Lisboa<\/span><\/p>\n<p>Pa\u00eds: Portugal<\/p>\n<p>N\u00famero Fiscal: <span>515290637<\/span><\/p>\n<p>Email: <a href=\"mailto:info@homeplan.pt\"><span>info@homeplan.pt<\/span><\/a><\/p>\n<p>[\/et_pb_text][\/et_pb_column][\/et_pb_row][\/et_pb_section]<\/p>\n","protected":false},"excerpt":{"rendered":"<p>Pol\u00edtica de PrivacidadePretende-se dar a conhecer aos utilizadores do website homeplan.pt as regras gerais de tratamento de dados pessoais os quais s\u00e3o recolhidos e tratados no estrito respeito e cumprimento do disposto na legisla\u00e7\u00e3o de prote\u00e7\u00e3o de dados pessoais em vigor.. Estamos empenhados na prote\u00e7\u00e3o e confidencialidade dos dados pessoais, tendo adotado as medidas que [&hellip;]<\/p>\n","protected":false},"author":1,"featured_media":0,"parent":0,"menu_order":8,"comment_status":"closed","ping_status":"closed","template":"","meta":{"_et_pb_use_builder":"on","_et_pb_old_content":"<p>Isto \u00e9 um exemplo de p\u00e1gina. \u00c9 diferente de um artigo porque fica no mesmo s\u00edtio e aparece na navega\u00e7\u00e3o do seu site (na maior parte dos temas). O normal \u00e9 come\u00e7ar com uma p\u00e1gina \"Sobre mim\"\/\"Sobre n\u00f3s\", que apresenta o site aos visitantes. Pode ser qualquer coisa deste tipo:<\/p><blockquote><p>Ol\u00e1! Fa\u00e7o entregas durante o dia, mas estudo para ser actor \u00e0 noite. Este \u00e9 o meu site. Vivo em Lisboa, tenho um c\u00e3o chamado Belarmino e gosto de caipirinhas (e de ver a relva a crescer).<\/p><\/blockquote><p>...ou deste:<\/p><blockquote><p>A Gambozinos XPTO foi fundada em 1971 e tem, desde ent\u00e3o, fornecido gambuzinos da mais alta qualidade aos seus clientes. Localizada em Gotham, a Gambozinos XPTO emprega mais de 2,000 colaboradores e \u00e9 um dos pilares da comunidade de Gotham.<\/p><\/blockquote><p>Visite <a href=\"https:\/\/homeplan.pt\/wp-admin\/\">o seu painel<\/a> para apagar esta p\u00e1gina ou para criar mais p\u00e1ginas para o seu conte\u00fado. Divirta-se!<\/p>","_et_gb_content_width":"","footnotes":""},"class_list":["post-867","page","type-page","status-publish","hentry"],"_links":{"self":[{"href":"https:\/\/homeplan.pt\/pt-pt\/wp-json\/wp\/v2\/pages\/867","targetHints":{"allow":["GET"]}}],"collection":[{"href":"https:\/\/homeplan.pt\/pt-pt\/wp-json\/wp\/v2\/pages"}],"about":[{"href":"https:\/\/homeplan.pt\/pt-pt\/wp-json\/wp\/v2\/types\/page"}],"author":[{"embeddable":true,"href":"https:\/\/homeplan.pt\/pt-pt\/wp-json\/wp\/v2\/users\/1"}],"replies":[{"embeddable":true,"href":"https:\/\/homeplan.pt\/pt-pt\/wp-json\/wp\/v2\/comments?post=867"}],"version-history":[{"count":5,"href":"https:\/\/homeplan.pt\/pt-pt\/wp-json\/wp\/v2\/pages\/867\/revisions"}],"predecessor-version":[{"id":948,"href":"https:\/\/homeplan.pt\/pt-pt\/wp-json\/wp\/v2\/pages\/867\/revisions\/948"}],"wp:attachment":[{"href":"https:\/\/homeplan.pt\/pt-pt\/wp-json\/wp\/v2\/media?parent=867"}],"curies":[{"name":"wp","href":"https:\/\/api.w.org\/{rel}","templated":true}]}}